{"id":24,"date":"2020-02-18T19:17:18","date_gmt":"2020-02-18T22:17:18","guid":{"rendered":"http:\/\/www.ccba.org.br\/conexaoberlinale\/?page_id=24"},"modified":"2024-03-01T10:11:23","modified_gmt":"2024-03-01T13:11:23","slug":"equipe","status":"publish","type":"page","link":"http:\/\/www.ccba.org.br\/conexaoberlinale\/equipe\/","title":{"rendered":"EQUIPE"},"content":{"rendered":"\n<h2 class=\"wp-block-heading has-text-align-left\">Centro Cultural Brasil-Alemanha<\/h2>\n\n\n\n<p>O Centro Cultural Brasil-Alemanha (CCBA) \u00e9 uma institui\u00e7\u00e3o cultural baseada no Recife (PE), reconhecida e apoiada pelo Governo Alem\u00e3o, o Instituto Goethe e o Servi\u00e7o Alem\u00e3o de Interc\u00e2mbio Acad\u00eamico (DAAD). <\/p>\n\n\n\n<p>Na sua programa\u00e7\u00e3o, o CCBA valoriza o di\u00e1logo com a sociedade civil e a coopera\u00e7\u00e3o com parceiros locais para desenvolver projetos que dizem respeito a debates e desafios contempor\u00e2neos. <\/p>\n\n\n\n<p>Al\u00e9m disso, o CCBA oferece cursos de Alem\u00e3o e Portugu\u00eas para estrangeiros e tamb\u00e9m aplica os testes oficiais exigidos para vistos de estudo, trabalho (incluindo Au Pair) e perman\u00eancia na Alemanha.<\/p>\n\n\n\n<p>Mais informa\u00e7\u00f5es no <a href=\"http:\/\/www.ccba.org.br\">site<\/a>.<\/p>\n\n\n\n<p><\/p>\n\n\n\n<h3 class=\"wp-block-heading\"><strong>Diretor<\/strong><\/h3>\n\n\n\n<p>Christoph Ostendorf<\/p>\n\n\n\n<h3 class=\"wp-block-heading\"><strong>Comunica\u00e7\u00e3o<\/strong><\/h3>\n\n\n\n<p>Marina Mohmood<\/p>\n\n\n\n<h3 class=\"wp-block-heading\"><strong>Design<\/strong><\/h3>\n\n\n\n<p>Eduardo Peixoto<\/p>\n\n\n\n<hr class=\"wp-block-separator has-alpha-channel-opacity\"\/>\n\n\n\n<h2 class=\"wp-block-heading has-text-align-left\">Parceiros<\/h2>\n\n\n\n<h2 class=\"wp-block-heading\">2024<\/h2>\n\n\n\n<h4 class=\"wp-block-heading\"><strong><a href=\"https:\/\/www.instagram.com\/luisfmoura\">LU\u00cdS FERNANDO MOURA<\/a><\/strong>\u00a0<img decoding=\"async\" src=\"http:\/\/www.ccba.org.br\/conexaoberlinale\/wp-content\/uploads\/2024\/02\/instagram_3661391.png\" alt=\"\" style=\"width: 20px;\"><\/h4>\n\n\n\n<p>Curador, designer de audi\u00eancia e pesquisador com forma\u00e7\u00e3o em jornalismo e trajet\u00f3ria na discuss\u00e3o e na difus\u00e3o de filmes. Coordenador da plataforma fuga, programador do FENDA \u2013 Festival Experimental de Artes F\u00edlmicas e consultor da Janela Internacional de Cinema do Recife. Realizou com parceiros a retrospectiva L.A. Rebellion (2017-2019), a mostra Brasil Dist\u00f3pico (2017) e a mostra CUIR \u2014 FILM Y EXPERIMENTO \u2014 LATINOAM\u00c9RICA (2021), entre outras. Desenvolvedor da plataforma fuga, dedicada ao interc\u00e2mbio intercontinental de filmes. Foi programador do Festival Internacional de Curtas de Belo Horizonte e do forumdoc.bh \u2013 Festival do Filme Document\u00e1rio e Etnogr\u00e1fico. Mestre pela Universidade Federal de Minas Gerais. Participante do programa Berlinale Talents, no Market Studio para designers de audi\u00eancia, em 2021, e do Locarno Industry Academy \u2013 Chile em 2023.<\/p>\n\n\n\n<h4 class=\"wp-block-heading\"><strong><a href=\"https:\/\/www.instagram.com\/vidal.a.thais\">THA\u00cdS VIDAL<\/a><\/strong>\u00a0<img decoding=\"async\" src=\"http:\/\/www.ccba.org.br\/conexaoberlinale\/wp-content\/uploads\/2024\/02\/instagram_3661391.png\" alt=\"\" style=\"width: 20px;\"><\/h4>\n\n\n\n<p>Tha\u00eds Vidal (1990) \u00e9 roteirista, produtora e diretora recifense. Mestre em Roteiro (2021) pela EICTV, Cuba e Doutoranda em Cinema pela UFPE, atualmente realizando doutorado sandu\u00edche na Universidade de Val\u00eancia e como pesquisadora convidada na Universidade Sorbonne. S\u00f3cia da Ponte Produtoras, j\u00e1 exibiu filmes que produziu em importantes festivais como Semana da Cr\u00edtica de Cannes, Locarno Film Festival, La Havana, Festival de Bras\u00edlia e Festival do Rio. O \u00faltimo lan\u00e7amento que produziu foi o longa Rio Doce (2023), com dire\u00e7\u00e3o de Fellipe Fernandes. Atualmente, desenvolve Sensor de Aus\u00eancia, seu primeiro longa de fic\u00e7\u00e3o, produzido pela Vitrine Filmes. Em 2022, colaborou com o roteiro do longa-metragem Edificante, de Marcelo Lordello, filmado em 2023. Nos anos de 2022 e 2023 foi curadora do Pr\u00eamio de Roteiros FRAPA, e em 2023 est\u00e1 finalizando o curta que roteirizou e dirigiu, O c\u00e9u sobre Havana, document\u00e1rio h\u00edbrido com imagens de arquivo pessoal, al\u00e9m da produ\u00e7\u00e3o de dois novos longas e da co-escrita do roteiro Pitangueira com Elen Clarice e Gabi Boeri. Tamb\u00e9m em 2023 escreveu o roteiro do curta documental Alice, produzido pela Mymama Entertainment com dire\u00e7\u00e3o de Gabriel Novis, a ser filmado em 2024.<\/p>\n\n\n\n<h4 class=\"wp-block-heading\"><strong><a href=\"https:\/\/www.instagram.com\/matheusfariassmelo\">MATHEUS FARIAS<\/a><\/strong>\u00a0<img decoding=\"async\" src=\"http:\/\/www.ccba.org.br\/conexaoberlinale\/wp-content\/uploads\/2024\/02\/instagram_3661391.png\" alt=\"\" style=\"width: 20px;\"><\/h4>\n\n\n\n<p>Matheus Farias \u00e9 diretor, roteirista, produtor e montador de cinema com forma\u00e7\u00e3o em Comunica\u00e7\u00e3o e Estudos de Cinematogr\u00e1ficos. Dirigiu tr\u00eas curtas-metragens que foram exibidos em mais de 150 festivais internacionais. Assina a montagem de diversos filmes, incluindo \u201cRetratos Fantasmas\u201d de Kleber Mendon\u00e7a Filho (Festival de Cannes 2023), \u201cPropriedade Privada\u201d de Daniel Bandeira (Festival de Berlim 2023), vencedor do pr\u00eamio de Melhor Montagem no Festival do Rio em 2022 e \u201cSeguindo Todos os Protocolos\u201d de F\u00e1bio Leal.<\/p>\n\n\n\n<h2 class=\"wp-block-heading\">2020<\/h2>\n\n\n\n<h4 class=\"wp-block-heading\"><a href=\"http:\/\/www.janeladecinema.com.br\/\">Janela Internacional de Cinema do Recife<\/a> <\/h4>\n\n\n\n<h4 class=\"wp-block-heading\"><strong>Lu\u00eds Fernando Moura<\/strong><\/h4>\n\n\n\n<p>Curador, programador, pesquisador e produtor de cinema. Curador e coordenador de programa\u00e7\u00e3o do Janela Internacional de Cinema do Recife (Recife, 2015-presente). Curador e programador da mostra Brasil Dist\u00f3pico, no Cinema da Caixa Cultural (Rio de Janeiro, 2017). Curador e programador da mostra L.A. Rebellion, no Janela de Cinema (Recife, 2017), Cine Humberto Mauro (Belo Horizonte, 2019) e Instituto Moreira Salles (Rio de Janeiro e S\u00e3o Paulo, 2019). Produtor executivo da mostra L.A. Rebellion no Instituto Moreira Salles (Rio de Janeiro e S\u00e3o Paulo, 2019). Integrante de comiss\u00f5es de curadoria do Festival Internacional de Curtas de Belo Horizonte (2017-2019) e do forumdoc.bh (2018). Programador do Fenda &#8211; Festival Experimental de Artes F\u00edlmicas (2020). Como delegado do Janela de Cinema, teve passagens pelo Festival de Berlim, Festival de Locarno, Cin\u00e9ma du R\u00e9el, Mostra de Cinema de Tiradentes e Olhar de Cinema, onde integrou j\u00fari. Graduado pela UFPE e mestre e doutorando pela UFMG. Integrante do Cineclube Comum.<\/p>\n\n\n\n<h2 class=\"wp-block-heading\">2019<\/h2>\n\n\n\n<h3 class=\"wp-block-heading\"><a href=\"https:\/\/www.revistacontinente.com.br\/coberturas\/berlinale-2019\">Revista Continente<\/a><\/h3>\n\n\n\n<h4 class=\"wp-block-heading\"><strong>Luciana Veras<\/strong><\/h4>\n","protected":false},"excerpt":{"rendered":"<p>Centro Cultural Brasil-Alemanha O Centro Cultural Brasil-Alemanha (CCBA) \u00e9 uma institui\u00e7\u00e3o cultural baseada no Recife (PE), reconhecida e apoiada pelo Governo Alem\u00e3o, o Instituto Goethe e o Servi\u00e7o Alem\u00e3o de Interc\u00e2mbio Acad\u00eamico (DAAD). Na sua programa\u00e7\u00e3o, o CCBA valoriza o di\u00e1logo com a sociedade civil e a coopera\u00e7\u00e3o com parceiros locais para desenvolver projetos que [&hellip;]<\/p>\n","protected":false},"author":2,"featured_media":0,"parent":0,"menu_order":0,"comment_status":"closed","ping_status":"closed","template":"","meta":{"_monsterinsights_skip_tracking":false,"_monsterinsights_sitenote_active":false,"_monsterinsights_sitenote_note":"","_monsterinsights_sitenote_category":0,"footnotes":""},"_links":{"self":[{"href":"http:\/\/www.ccba.org.br\/conexaoberlinale\/wp-json\/wp\/v2\/pages\/24"}],"collection":[{"href":"http:\/\/www.ccba.org.br\/conexaoberlinale\/wp-json\/wp\/v2\/pages"}],"about":[{"href":"http:\/\/www.ccba.org.br\/conexaoberlinale\/wp-json\/wp\/v2\/types\/page"}],"author":[{"embeddable":true,"href":"http:\/\/www.ccba.org.br\/conexaoberlinale\/wp-json\/wp\/v2\/users\/2"}],"replies":[{"embeddable":true,"href":"http:\/\/www.ccba.org.br\/conexaoberlinale\/wp-json\/wp\/v2\/comments?post=24"}],"version-history":[{"count":9,"href":"http:\/\/www.ccba.org.br\/conexaoberlinale\/wp-json\/wp\/v2\/pages\/24\/revisions"}],"predecessor-version":[{"id":224,"href":"http:\/\/www.ccba.org.br\/conexaoberlinale\/wp-json\/wp\/v2\/pages\/24\/revisions\/224"}],"wp:attachment":[{"href":"http:\/\/www.ccba.org.br\/conexaoberlinale\/wp-json\/wp\/v2\/media?parent=24"}],"curies":[{"name":"wp","href":"https:\/\/api.w.org\/{rel}","templated":true}]}}